{"id":193,"date":"2026-02-10T10:45:48","date_gmt":"2026-02-10T09:45:48","guid":{"rendered":"https:\/\/www.goldenstrings.hu\/?page_id=193"},"modified":"2026-02-10T10:46:29","modified_gmt":"2026-02-10T09:46:29","slug":"golden-strings-magan-takaritas","status":"publish","type":"page","link":"http:\/\/www.goldenstrings.hu\/?page_id=193","title":{"rendered":"Golden Strings &#8211; Mag\u00e1n takar\u00edt\u00e1s"},"content":{"rendered":"\t\t<div data-elementor-type=\"wp-post\" data-elementor-id=\"193\" class=\"elementor elementor-193\">\n\t\t\t\t<div class=\"elementor-element elementor-element-3872bbce e-con-full e-flex e-con e-parent\" data-id=\"3872bbce\" data-element_type=\"container\" data-e-type=\"container\" data-settings=\"{&quot;background_background&quot;:&quot;classic&quot;}\">\n\t\t<div class=\"elementor-element elementor-element-7f2123ee e-con-full e-flex e-con e-child\" data-id=\"7f2123ee\" data-element_type=\"container\" data-e-type=\"container\">\n\t\t\t\t<div class=\"elementor-element elementor-element-df1693a aux-appear-watch-animation aux-fade-in-up elementor-widget elementor-widget-aux_modern_heading\" data-id=\"df1693a\" data-element_type=\"widget\" data-e-type=\"widget\" data-widget_type=\"aux_modern_heading.default\">\n\t\t\t\t<div class=\"elementor-widget-container\">\n\t\t\t\t\t<section class=\"aux-widget-modern-heading\">\n            <div class=\"aux-widget-inner\"><h6 class=\"aux-modern-heading-primary\"><\/h6><h3 class=\"aux-modern-heading-secondary\"><span class=\"aux-head-before\">Golden Strings - Mag\u00e1n takar\u00edt\u00e1s<\/span><\/h3><\/div>\n        <\/section>\t\t\t\t<\/div>\n\t\t\t\t<\/div>\n\t\t\t\t<div class=\"elementor-element elementor-element-4b71af3b aux-appear-watch-animation aux-fade-in-right elementor-widget elementor-widget-text-editor\" data-id=\"4b71af3b\" data-element_type=\"widget\" data-e-type=\"widget\" data-widget_type=\"text-editor.default\">\n\t\t\t\t<div class=\"elementor-widget-container\">\n\t\t\t\t\t\t\t\t\t<div class=\"aux-bus2-title-divider\">\u00a0<\/div>\t\t\t\t\t\t\t\t<\/div>\n\t\t\t\t<\/div>\n\t\t\t\t<\/div>\n\t\t<div class=\"elementor-element elementor-element-11e6a85b aux-appear-watch-animation aux-fade-in-right-2 e-con-full elementor-hidden-desktop e-flex e-con e-child\" data-id=\"11e6a85b\" data-element_type=\"container\" data-e-type=\"container\">\n\t\t\t\t<div class=\"elementor-element elementor-element-65649d00 elementor-widget elementor-widget-html\" data-id=\"65649d00\" data-element_type=\"widget\" data-e-type=\"widget\" data-widget_type=\"html.default\">\n\t\t\t\t<div class=\"elementor-widget-container\">\n\t\t\t\t\t<section class=\"gs-cleaning\">\r\n  <style>\r\n    .gs-cleaning{\r\n      width:100%;\r\n      padding: 28px 0;\r\n      color:#fff;\r\n    }\r\n    .gs-cleaning .gs-container{\r\n      max-width: 980px;\r\n      margin: 0 auto;\r\n      padding: 0 16px;\r\n      font-family: inherit;\r\n      line-height: 1.7;\r\n      color:#fff;\r\n    }\r\n    .gs-cleaning h1{\r\n      margin: 0 0 14px 0;\r\n      font-size: 32px;\r\n      line-height: 1.2;\r\n      font-weight: 800;\r\n      color:#fff;\r\n    }\r\n    .gs-cleaning h2{\r\n      margin: 28px 0 10px 0;\r\n      font-size: 22px;\r\n      line-height: 1.25;\r\n      font-weight: 800;\r\n      color:#fff;\r\n    }\r\n    .gs-cleaning p{\r\n      margin: 0 0 14px 0;\r\n      font-size: 16px;\r\n      color:#fff;\r\n    }\r\n    .gs-cleaning .gs-divider{\r\n      margin-top: 26px;\r\n      border: 0;\r\n      border-top: 1px solid rgba(255,255,255,.25);\r\n    }\r\n    @media (max-width: 640px){\r\n      .gs-cleaning h1{ font-size: 26px; }\r\n      .gs-cleaning h2{ font-size: 20px; }\r\n    }\r\n  <\/style>\r\n\r\n  <div class=\"gs-container\">\r\n    <h1>Csal\u00e1di h\u00e1z \u00e9s mag\u00e1nlak\u00e1s takar\u00edt\u00e1s Budapesten \u00e9s k\u00f6rny\u00e9k\u00e9n<\/h1>\r\n\r\n    <p>\r\n      C\u00e9g\u00fcnk megb\u00edzhat\u00f3 megold\u00e1sokat k\u00edn\u00e1l mag\u00e1nszem\u00e9lyeknek teljes k\u00f6r\u0171 kivitelez\u00e9ssel. \r\n      Szolg\u00e1ltat\u00e1saink k\u00f6z\u00f6tt megtal\u00e1lhat\u00f3 a lak\u00e1s takar\u00edt\u00e1s \u00e9s a csal\u00e1di h\u00e1z takar\u00edt\u00e1s, legyen sz\u00f3 rendszeres vagy alkalmi megb\u00edz\u00e1sr\u00f3l. \r\n      A mag\u00e1nlak\u00e1s takar\u00edt\u00e1s Budapest teljes ter\u00fclet\u00e9n el\u00e9rhet\u0151, tapasztalt szakemberekkel \u00e9s korszer\u0171 eszk\u00f6z\u00f6kkel, az \u00d6n ig\u00e9nyeihez igaz\u00edtva.\r\n    <\/p>\r\n\r\n    <h2>Takar\u00edt\u00e1s mag\u00e1nszem\u00e9lyekn\u00e9l Budapest ter\u00fclet\u00e9n \u00e9s k\u00f6rny\u00e9k\u00e9n<\/h2>\r\n    <p>\r\n      A nagytakar\u00edt\u00e1s \u00e9s a pipere takar\u00edt\u00e1s ide\u00e1lis megold\u00e1s k\u00f6lt\u00f6z\u00e9s vagy hosszabb id\u0151szak ut\u00e1ni felfriss\u00edt\u00e9s eset\u00e9n. \r\n      V\u00e1llaljuk a k\u00f6lt\u00f6z\u00e9s el\u0151tti \u00e9s ut\u00e1ni takar\u00edt\u00e1s teljes k\u00f6r\u0171 lebonyol\u00edt\u00e1s\u00e1t, bele\u00e9rtve a r\u00e9szletes konyha takar\u00edt\u00e1s feladatait is, \r\n      hogy az ingatlan tiszta \u00e9s rendezett \u00e1llapotban legyen \u00e1tadva vagy birtokba v\u00e9ve.\r\n    <\/p>\r\n\r\n    <h2>Csal\u00e1di h\u00e1z takar\u00edt\u00e1s \u00e1rak \u00e9s mag\u00e1nlak\u00e1s takar\u00edt\u00e1s \u00e1rak<\/h2>\r\n    <p>\r\n      A lak\u00e1s takar\u00edt\u00e1s \u00e1rak, a mag\u00e1nlak\u00e1s takar\u00edt\u00e1s \u00e1rak, \u00edgy a fel\u00faj\u00edt\u00e1s ut\u00e1ni takar\u00edt\u00e1s \u00e1rak \u00e9s az \u00e9p\u00edtkez\u00e9s ut\u00e1ni takar\u00edt\u00e1s \u00e1rak \r\n      minden esetben az ingatlan m\u00e9ret\u00e9t\u0151l, az elv\u00e9gzend\u0151 feladatokt\u00f3l f\u00fcggenek, a szennyez\u0151d\u00e9s m\u00e9rt\u00e9k\u00e9nek \u00e9s a feladat \u00f6sszetetts\u00e9g\u00e9nek figyelembev\u00e9tel\u00e9vel.\r\n    <\/p>\r\n\r\n    <p>\r\n      A csal\u00e1di h\u00e1z takar\u00edt\u00e1s \u00e1rak szint\u00e9n el\u0151zetes felm\u00e9r\u00e9s alapj\u00e1n ker\u00fclnek meghat\u00e1roz\u00e1sra. \r\n      A prec\u00edz munkav\u00e9gz\u00e9s mellett kiemelt figyelmet ford\u00edtunk az egy\u00e9rtelm\u0171 kommunik\u00e1ci\u00f3ra, \r\n      hogy \u00fcgyfeleink pontos k\u00e9pet kapjanak a v\u00e1rhat\u00f3 k\u00f6lts\u00e9gekr\u0151l.\r\n    <\/p>\r\n\r\n    <hr class=\"gs-divider\" \/>\r\n  <\/div>\r\n<\/section>\r\n\t\t\t\t<\/div>\n\t\t\t\t<\/div>\n\t\t\t\t<\/div>\n\t\t<div class=\"elementor-element elementor-element-b51254f aux-appear-watch-animation aux-fade-in-right-2 e-con-full elementor-hidden-tablet elementor-hidden-mobile e-flex e-con e-child\" data-id=\"b51254f\" data-element_type=\"container\" data-e-type=\"container\">\n\t\t\t\t<div class=\"elementor-element elementor-element-8e2c807 elementor-widget elementor-widget-html\" data-id=\"8e2c807\" data-element_type=\"widget\" data-e-type=\"widget\" data-widget_type=\"html.default\">\n\t\t\t\t<div class=\"elementor-widget-container\">\n\t\t\t\t\t<section class=\"gs-cleaning\">\r\n  <style>\r\n    .gs-cleaning{\r\n      width:100%;\r\n      padding: 28px 0;\r\n      color:#fff;\r\n    }\r\n    .gs-cleaning .gs-container{\r\n      max-width: 980px;\r\n      margin: 0 auto;\r\n      padding: 0 16px;\r\n      font-family: inherit;\r\n      line-height: 1.7;\r\n      color:#fff;\r\n    }\r\n    .gs-cleaning h1{\r\n      margin: 0 0 14px 0;\r\n      font-size: 32px;\r\n      line-height: 1.2;\r\n      font-weight: 800;\r\n      color:#fff;\r\n    }\r\n    .gs-cleaning h2{\r\n      margin: 28px 0 10px 0;\r\n      font-size: 22px;\r\n      line-height: 1.25;\r\n      font-weight: 800;\r\n      color:#fff;\r\n    }\r\n    .gs-cleaning p{\r\n      margin: 0 0 14px 0;\r\n      font-size: 16px;\r\n      color:#fff;\r\n    }\r\n    .gs-cleaning .gs-divider{\r\n      margin-top: 26px;\r\n      border: 0;\r\n      border-top: 1px solid rgba(255,255,255,.25);\r\n    }\r\n    @media (max-width: 640px){\r\n      .gs-cleaning h1{ font-size: 26px; }\r\n      .gs-cleaning h2{ font-size: 20px; }\r\n    }\r\n  <\/style>\r\n\r\n  <div class=\"gs-container\">\r\n    <h1>Csal\u00e1di h\u00e1z \u00e9s mag\u00e1nlak\u00e1s takar\u00edt\u00e1s Budapesten \u00e9s k\u00f6rny\u00e9k\u00e9n<\/h1>\r\n\r\n    <p>\r\n      C\u00e9g\u00fcnk megb\u00edzhat\u00f3 megold\u00e1sokat k\u00edn\u00e1l mag\u00e1nszem\u00e9lyeknek teljes k\u00f6r\u0171 kivitelez\u00e9ssel. \r\n      Szolg\u00e1ltat\u00e1saink k\u00f6z\u00f6tt megtal\u00e1lhat\u00f3 a lak\u00e1s takar\u00edt\u00e1s \u00e9s a csal\u00e1di h\u00e1z takar\u00edt\u00e1s, legyen sz\u00f3 rendszeres vagy alkalmi megb\u00edz\u00e1sr\u00f3l. \r\n      A mag\u00e1nlak\u00e1s takar\u00edt\u00e1s Budapest teljes ter\u00fclet\u00e9n el\u00e9rhet\u0151, tapasztalt szakemberekkel \u00e9s korszer\u0171 eszk\u00f6z\u00f6kkel, az \u00d6n ig\u00e9nyeihez igaz\u00edtva.\r\n    <\/p>\r\n\r\n    <h2>Takar\u00edt\u00e1s mag\u00e1nszem\u00e9lyekn\u00e9l Budapest ter\u00fclet\u00e9n \u00e9s k\u00f6rny\u00e9k\u00e9n<\/h2>\r\n    <p>\r\n      A nagytakar\u00edt\u00e1s \u00e9s a pipere takar\u00edt\u00e1s ide\u00e1lis megold\u00e1s k\u00f6lt\u00f6z\u00e9s vagy hosszabb id\u0151szak ut\u00e1ni felfriss\u00edt\u00e9s eset\u00e9n. \r\n      V\u00e1llaljuk a k\u00f6lt\u00f6z\u00e9s el\u0151tti \u00e9s ut\u00e1ni takar\u00edt\u00e1s teljes k\u00f6r\u0171 lebonyol\u00edt\u00e1s\u00e1t, bele\u00e9rtve a r\u00e9szletes konyha takar\u00edt\u00e1s feladatait is, \r\n      hogy az ingatlan tiszta \u00e9s rendezett \u00e1llapotban legyen \u00e1tadva vagy birtokba v\u00e9ve.\r\n    <\/p>\r\n\r\n    <h2>Csal\u00e1di h\u00e1z takar\u00edt\u00e1s \u00e1rak \u00e9s mag\u00e1nlak\u00e1s takar\u00edt\u00e1s \u00e1rak<\/h2>\r\n    <p>\r\n      A lak\u00e1s takar\u00edt\u00e1s \u00e1rak, a mag\u00e1nlak\u00e1s takar\u00edt\u00e1s \u00e1rak, \u00edgy a fel\u00faj\u00edt\u00e1s ut\u00e1ni takar\u00edt\u00e1s \u00e1rak \u00e9s az \u00e9p\u00edtkez\u00e9s ut\u00e1ni takar\u00edt\u00e1s \u00e1rak \r\n      minden esetben az ingatlan m\u00e9ret\u00e9t\u0151l, az elv\u00e9gzend\u0151 feladatokt\u00f3l f\u00fcggenek, a szennyez\u0151d\u00e9s m\u00e9rt\u00e9k\u00e9nek \u00e9s a feladat \u00f6sszetetts\u00e9g\u00e9nek figyelembev\u00e9tel\u00e9vel.\r\n    <\/p>\r\n\r\n    <p>\r\n      A csal\u00e1di h\u00e1z takar\u00edt\u00e1s \u00e1rak szint\u00e9n el\u0151zetes felm\u00e9r\u00e9s alapj\u00e1n ker\u00fclnek meghat\u00e1roz\u00e1sra. \r\n      A prec\u00edz munkav\u00e9gz\u00e9s mellett kiemelt figyelmet ford\u00edtunk az egy\u00e9rtelm\u0171 kommunik\u00e1ci\u00f3ra, \r\n      hogy \u00fcgyfeleink pontos k\u00e9pet kapjanak a v\u00e1rhat\u00f3 k\u00f6lts\u00e9gekr\u0151l.\r\n    <\/p>\r\n\r\n    <hr class=\"gs-divider\" \/>\r\n  <\/div>\r\n<\/section>\r\n\t\t\t\t<\/div>\n\t\t\t\t<\/div>\n\t\t\t\t<\/div>\n\t\t\t\t<\/div>\n\t\t\t\t<\/div>\n\t\t","protected":false},"excerpt":{"rendered":"<p>Golden Strings &#8211; Mag\u00e1n takar\u00edt\u00e1s \u00a0 Csal\u00e1di h\u00e1z \u00e9s mag\u00e1nlak\u00e1s takar\u00edt\u00e1s Budapesten \u00e9s k\u00f6rny\u00e9k\u00e9n C\u00e9g\u00fcnk megb\u00edzhat\u00f3 megold\u00e1sokat k\u00edn\u00e1l mag\u00e1nszem\u00e9lyeknek teljes k\u00f6r\u0171 kivitelez\u00e9ssel. Szolg\u00e1ltat\u00e1saink k\u00f6z\u00f6tt megtal\u00e1lhat\u00f3 a lak\u00e1s takar\u00edt\u00e1s \u00e9s a csal\u00e1di h\u00e1z takar\u00edt\u00e1s, legyen sz\u00f3 rendszeres vagy alkalmi megb\u00edz\u00e1sr\u00f3l. A mag\u00e1nlak\u00e1s takar\u00edt\u00e1s Budapest teljes ter\u00fclet\u00e9n el\u00e9rhet\u0151, tapasztalt szakemberekkel \u00e9s korszer\u0171 eszk\u00f6z\u00f6kkel, az \u00d6n ig\u00e9nyeihez igaz\u00edtva. [&hellip;]<\/p>\n","protected":false},"author":1,"featured_media":0,"parent":0,"menu_order":0,"comment_status":"closed","ping_status":"closed","template":"","meta":{"footnotes":""},"class_list":["post-193","page","type-page","status-publish","hentry"],"yoast_head":"<!-- This site is optimized with the Yoast SEO plugin v26.9 - https:\/\/yoast.com\/product\/yoast-seo-wordpress\/ -->\n<title>Golden Strings - Mag\u00e1n takar\u00edt\u00e1s - GOLDENSTRINGS<\/title>\n<meta name=\"robots\" content=\"index, follow, max-snippet:-1, max-image-preview:large, max-video-preview:-1\" \/>\n<link rel=\"canonical\" href=\"http:\/\/www.goldenstrings.hu\/?page_id=193\" \/>\n<meta property=\"og:locale\" content=\"hu_HU\" \/>\n<meta property=\"og:type\" content=\"article\" \/>\n<meta property=\"og:title\" content=\"Golden Strings - Mag\u00e1n takar\u00edt\u00e1s - GOLDENSTRINGS\" \/>\n<meta property=\"og:description\" content=\"Golden Strings &#8211; Mag\u00e1n takar\u00edt\u00e1s \u00a0 Csal\u00e1di h\u00e1z \u00e9s mag\u00e1nlak\u00e1s takar\u00edt\u00e1s Budapesten \u00e9s k\u00f6rny\u00e9k\u00e9n C\u00e9g\u00fcnk megb\u00edzhat\u00f3 megold\u00e1sokat k\u00edn\u00e1l mag\u00e1nszem\u00e9lyeknek teljes k\u00f6r\u0171 kivitelez\u00e9ssel. Szolg\u00e1ltat\u00e1saink k\u00f6z\u00f6tt megtal\u00e1lhat\u00f3 a lak\u00e1s takar\u00edt\u00e1s \u00e9s a csal\u00e1di h\u00e1z takar\u00edt\u00e1s, legyen sz\u00f3 rendszeres vagy alkalmi megb\u00edz\u00e1sr\u00f3l. A mag\u00e1nlak\u00e1s takar\u00edt\u00e1s Budapest teljes ter\u00fclet\u00e9n el\u00e9rhet\u0151, tapasztalt szakemberekkel \u00e9s korszer\u0171 eszk\u00f6z\u00f6kkel, az \u00d6n ig\u00e9nyeihez igaz\u00edtva. [&hellip;]\" \/>\n<meta property=\"og:url\" content=\"http:\/\/www.goldenstrings.hu\/?page_id=193\" \/>\n<meta property=\"og:site_name\" content=\"GOLDENSTRINGS\" \/>\n<meta property=\"article:modified_time\" content=\"2026-02-10T09:46:29+00:00\" \/>\n<meta name=\"twitter:card\" content=\"summary_large_image\" \/>\n<meta name=\"twitter:label1\" content=\"Becs\u00fclt olvas\u00e1si id\u0151\" \/>\n\t<meta name=\"twitter:data1\" content=\"2 perc\" \/>\n<script type=\"application\/ld+json\" class=\"yoast-schema-graph\">{\"@context\":\"https:\/\/schema.org\",\"@graph\":[{\"@type\":\"WebPage\",\"@id\":\"http:\/\/www.goldenstrings.hu\/?page_id=193\",\"url\":\"http:\/\/www.goldenstrings.hu\/?page_id=193\",\"name\":\"Golden Strings - Mag\u00e1n takar\u00edt\u00e1s - GOLDENSTRINGS\",\"isPartOf\":{\"@id\":\"http:\/\/www.goldenstrings.hu\/#website\"},\"datePublished\":\"2026-02-10T09:45:48+00:00\",\"dateModified\":\"2026-02-10T09:46:29+00:00\",\"breadcrumb\":{\"@id\":\"http:\/\/www.goldenstrings.hu\/?page_id=193#breadcrumb\"},\"inLanguage\":\"hu\",\"potentialAction\":[{\"@type\":\"ReadAction\",\"target\":[\"http:\/\/www.goldenstrings.hu\/?page_id=193\"]}]},{\"@type\":\"BreadcrumbList\",\"@id\":\"http:\/\/www.goldenstrings.hu\/?page_id=193#breadcrumb\",\"itemListElement\":[{\"@type\":\"ListItem\",\"position\":1,\"name\":\"Kezd\u0151lap\",\"item\":\"http:\/\/www.goldenstrings.hu\/\"},{\"@type\":\"ListItem\",\"position\":2,\"name\":\"Golden Strings &#8211; Mag\u00e1n takar\u00edt\u00e1s\"}]},{\"@type\":\"WebSite\",\"@id\":\"http:\/\/www.goldenstrings.hu\/#website\",\"url\":\"http:\/\/www.goldenstrings.hu\/\",\"name\":\"GOLDENSTRINGS\",\"description\":\"\",\"publisher\":{\"@id\":\"http:\/\/www.goldenstrings.hu\/#organization\"},\"potentialAction\":[{\"@type\":\"SearchAction\",\"target\":{\"@type\":\"EntryPoint\",\"urlTemplate\":\"http:\/\/www.goldenstrings.hu\/?s={search_term_string}\"},\"query-input\":{\"@type\":\"PropertyValueSpecification\",\"valueRequired\":true,\"valueName\":\"search_term_string\"}}],\"inLanguage\":\"hu\"},{\"@type\":\"Organization\",\"@id\":\"http:\/\/www.goldenstrings.hu\/#organization\",\"name\":\"GOLDENSTRINGS\",\"url\":\"http:\/\/www.goldenstrings.hu\/\",\"logo\":{\"@type\":\"ImageObject\",\"inLanguage\":\"hu\",\"@id\":\"http:\/\/www.goldenstrings.hu\/#\/schema\/logo\/image\/\",\"url\":\"http:\/\/www.goldenstrings.hu\/wp-content\/uploads\/2026\/02\/cropped-g_logo2-1.png\",\"contentUrl\":\"http:\/\/www.goldenstrings.hu\/wp-content\/uploads\/2026\/02\/cropped-g_logo2-1.png\",\"width\":150,\"height\":150,\"caption\":\"GOLDENSTRINGS\"},\"image\":{\"@id\":\"http:\/\/www.goldenstrings.hu\/#\/schema\/logo\/image\/\"}}]}<\/script>\n<!-- \/ Yoast SEO plugin. -->","yoast_head_json":{"title":"Golden Strings - Mag\u00e1n takar\u00edt\u00e1s - GOLDENSTRINGS","robots":{"index":"index","follow":"follow","max-snippet":"max-snippet:-1","max-image-preview":"max-image-preview:large","max-video-preview":"max-video-preview:-1"},"canonical":"http:\/\/www.goldenstrings.hu\/?page_id=193","og_locale":"hu_HU","og_type":"article","og_title":"Golden Strings - Mag\u00e1n takar\u00edt\u00e1s - GOLDENSTRINGS","og_description":"Golden Strings &#8211; Mag\u00e1n takar\u00edt\u00e1s \u00a0 Csal\u00e1di h\u00e1z \u00e9s mag\u00e1nlak\u00e1s takar\u00edt\u00e1s Budapesten \u00e9s k\u00f6rny\u00e9k\u00e9n C\u00e9g\u00fcnk megb\u00edzhat\u00f3 megold\u00e1sokat k\u00edn\u00e1l mag\u00e1nszem\u00e9lyeknek teljes k\u00f6r\u0171 kivitelez\u00e9ssel. Szolg\u00e1ltat\u00e1saink k\u00f6z\u00f6tt megtal\u00e1lhat\u00f3 a lak\u00e1s takar\u00edt\u00e1s \u00e9s a csal\u00e1di h\u00e1z takar\u00edt\u00e1s, legyen sz\u00f3 rendszeres vagy alkalmi megb\u00edz\u00e1sr\u00f3l. A mag\u00e1nlak\u00e1s takar\u00edt\u00e1s Budapest teljes ter\u00fclet\u00e9n el\u00e9rhet\u0151, tapasztalt szakemberekkel \u00e9s korszer\u0171 eszk\u00f6z\u00f6kkel, az \u00d6n ig\u00e9nyeihez igaz\u00edtva. [&hellip;]","og_url":"http:\/\/www.goldenstrings.hu\/?page_id=193","og_site_name":"GOLDENSTRINGS","article_modified_time":"2026-02-10T09:46:29+00:00","twitter_card":"summary_large_image","twitter_misc":{"Becs\u00fclt olvas\u00e1si id\u0151":"2 perc"},"schema":{"@context":"https:\/\/schema.org","@graph":[{"@type":"WebPage","@id":"http:\/\/www.goldenstrings.hu\/?page_id=193","url":"http:\/\/www.goldenstrings.hu\/?page_id=193","name":"Golden Strings - Mag\u00e1n takar\u00edt\u00e1s - GOLDENSTRINGS","isPartOf":{"@id":"http:\/\/www.goldenstrings.hu\/#website"},"datePublished":"2026-02-10T09:45:48+00:00","dateModified":"2026-02-10T09:46:29+00:00","breadcrumb":{"@id":"http:\/\/www.goldenstrings.hu\/?page_id=193#breadcrumb"},"inLanguage":"hu","potentialAction":[{"@type":"ReadAction","target":["http:\/\/www.goldenstrings.hu\/?page_id=193"]}]},{"@type":"BreadcrumbList","@id":"http:\/\/www.goldenstrings.hu\/?page_id=193#breadcrumb","itemListElement":[{"@type":"ListItem","position":1,"name":"Kezd\u0151lap","item":"http:\/\/www.goldenstrings.hu\/"},{"@type":"ListItem","position":2,"name":"Golden Strings &#8211; Mag\u00e1n takar\u00edt\u00e1s"}]},{"@type":"WebSite","@id":"http:\/\/www.goldenstrings.hu\/#website","url":"http:\/\/www.goldenstrings.hu\/","name":"GOLDENSTRINGS","description":"","publisher":{"@id":"http:\/\/www.goldenstrings.hu\/#organization"},"potentialAction":[{"@type":"SearchAction","target":{"@type":"EntryPoint","urlTemplate":"http:\/\/www.goldenstrings.hu\/?s={search_term_string}"},"query-input":{"@type":"PropertyValueSpecification","valueRequired":true,"valueName":"search_term_string"}}],"inLanguage":"hu"},{"@type":"Organization","@id":"http:\/\/www.goldenstrings.hu\/#organization","name":"GOLDENSTRINGS","url":"http:\/\/www.goldenstrings.hu\/","logo":{"@type":"ImageObject","inLanguage":"hu","@id":"http:\/\/www.goldenstrings.hu\/#\/schema\/logo\/image\/","url":"http:\/\/www.goldenstrings.hu\/wp-content\/uploads\/2026\/02\/cropped-g_logo2-1.png","contentUrl":"http:\/\/www.goldenstrings.hu\/wp-content\/uploads\/2026\/02\/cropped-g_logo2-1.png","width":150,"height":150,"caption":"GOLDENSTRINGS"},"image":{"@id":"http:\/\/www.goldenstrings.hu\/#\/schema\/logo\/image\/"}}]}},"_links":{"self":[{"href":"http:\/\/www.goldenstrings.hu\/index.php?rest_route=\/wp\/v2\/pages\/193","targetHints":{"allow":["GET"]}}],"collection":[{"href":"http:\/\/www.goldenstrings.hu\/index.php?rest_route=\/wp\/v2\/pages"}],"about":[{"href":"http:\/\/www.goldenstrings.hu\/index.php?rest_route=\/wp\/v2\/types\/page"}],"author":[{"embeddable":true,"href":"http:\/\/www.goldenstrings.hu\/index.php?rest_route=\/wp\/v2\/users\/1"}],"replies":[{"embeddable":true,"href":"http:\/\/www.goldenstrings.hu\/index.php?rest_route=%2Fwp%2Fv2%2Fcomments&post=193"}],"version-history":[{"count":4,"href":"http:\/\/www.goldenstrings.hu\/index.php?rest_route=\/wp\/v2\/pages\/193\/revisions"}],"predecessor-version":[{"id":197,"href":"http:\/\/www.goldenstrings.hu\/index.php?rest_route=\/wp\/v2\/pages\/193\/revisions\/197"}],"wp:attachment":[{"href":"http:\/\/www.goldenstrings.hu\/index.php?rest_route=%2Fwp%2Fv2%2Fmedia&parent=193"}],"curies":[{"name":"wp","href":"https:\/\/api.w.org\/{rel}","templated":true}]}}